{"id":250,"date":"2024-11-11T10:24:21","date_gmt":"2024-11-11T09:24:21","guid":{"rendered":"https:\/\/www.ortodellalepre.it\/?page_id=250"},"modified":"2025-01-23T10:13:43","modified_gmt":"2025-01-23T09:13:43","slug":"urbino","status":"publish","type":"page","link":"https:\/\/www.ortodellalepre.it\/?page_id=250","title":{"rendered":"Urbino"},"content":{"rendered":"<div class=\"\" style=\"\" >\n  \n    \n    <section class=\"u-clearfix u-image u-section-2\" id=\"sec-ce14\" data-image-width=\"1920\" data-image-height=\"1080\" style=\"background-image: url(&quot;https:\/\/www.ortodellalepre.it\/wp-content\/uploads\/2024\/11\/Urbino_1.jpg&quot;);\">\n      <div class=\"u-clearfix u-sheet u-sheet-1\">\n        <img decoding=\"async\" class=\"u-align-center u-image u-image-contain u-image-default u-preserve-proportions u-image-1\" src=\"https:\/\/www.ortodellalepre.it\/wp-content\/uploads\/2025\/01\/ORTO_LOGO_300px_neg.png\" alt=\"\" data-image-width=\"300\" data-image-height=\"197\">\n      <\/div>\n    <\/section>\n    <section class=\"u-clearfix u-section-3\" id=\"sec-807d\">\n      <div class=\"u-clearfix u-sheet u-sheet-1\">\n        <img decoding=\"async\" class=\"u-align-center u-image u-image-contain u-image-default u-image-1\" src=\"https:\/\/www.ortodellalepre.it\/wp-content\/uploads\/2025\/01\/ORTO_LOGO_300px.png\" alt=\"\" data-image-width=\"300\" data-image-height=\"197\">\n        <h2 class=\"u-align-center u-custom-font u-font-montserrat u-text u-text-custom-color-4 u-text-1\">Il Territorio<span style=\"font-weight: 300;\"> - Urbino<\/span>\n        <\/h2>\n        <p class=\"u-align-left u-text u-text-black u-text-2\"> Tra la valle del Metauro e la valle del Foglia, nelle colline marchigiane che si affacciano verso il Mar Adriatico, sorge la citt\u00e0 di<b>&nbsp;Urbino<\/b>, uno dei centri pi\u00f9 importanti del Rinascimento italiano, di cui conserva ancora oggi il fascino artistico e l'eredit\u00e0 architettonica.\nAdornata da<b>&nbsp;edifici in pietra arenaria<\/b>&nbsp;e circondata da una lunga&nbsp;<b>cinta muraria in cotto<\/b>, Urbino \u00e8 una citt\u00e0 d'immensa ricchezza storica e artistica. Da semplice borgo divenne la&nbsp;\u201c<b>culla del Rinascimento<\/b>\u201d&nbsp;e, ancora oggi, passeggiando per il suo centro storico se ne respira l'aria quattrocentesca.\nNel 1998 Urbino si \u00e8 guadagnata l\u2019onore di entrare nella&nbsp;World Heritage List&nbsp;dell\u2019UNESCO per esser stata un punto d'attrazione per i pi\u00f9 illustri studiosi e artisti del Rinascimento da ogni parte d\u2019Italia e del Mondo e aver influenzato il progresso culturale nel resto dell\u2019Europa, riuscendo a mantenere quasi intatto il suo eccezionale complesso urbano. <br><b>Storia e curiosit\u00e0 su Urbino<\/b>\n          <br> La&nbsp;<b>storia di Urbino<\/b>&nbsp;affonda le proprie radici nell\u2019epoca romana, quando per la sua importante posizione strategica fu dotata di solide mura e divenne una citt\u00e0 fortificata. Il periodo di massimo splendore di Urbino \u00e8 legato per\u00f2 al Quattrocento, grazie all\u2019apporto di&nbsp;<b>Federico di Montefeltro<\/b>.\nIn quegli anni d\u2019oro Urbino acquis\u00ec quell'eccellenza monumentale e artistica che le permise di estendere la propria influenza al resto d'Europa. La citt\u00e0 divent\u00f2 una magnifica corte principesca ospitando il meglio che la&nbsp;<b>cultura umanistica rinascimentale italiana<\/b>&nbsp;potesse offrire in quel momento: Piero della Francesca, Luciano Laurana, Leon Battista Alberti e Giovanni Santi, padre di Raffaello.\nL\u2019ultima grande stagione di Urbino di splendore artistico e culturale si deve a&nbsp;<b>Clemente XI<\/b>, che finanzi\u00f2 lavori di ristrutturazione di vari palazzi, chiese e monasteri della citt\u00e0 subito dopo la sua elezione al soglio pontificio nel 1701. <br><b>Cosa vedere a Urbino<\/b>\n          <br> I&nbsp;<b>luoghi di Urbino da non perdere<\/b>&nbsp;sono legati ai periodi di massimo splendore della citt\u00e0. Il centro storico ha un\u2019estensione di poco pi\u00f9 di un chilometro quadrato e pu\u00f2 essere percorso a piedi alla ricerca di&nbsp;<b>cose da vedere e ammirare<\/b>, tra monumenti e opere d'arte.&nbsp;<br>Il maestoso&nbsp;<b>Palazzo Ducale<\/b>&nbsp;(foto sotto) \u00e8 uno capolavoro di arte rinascimentale che ospita la&nbsp;<b>Galleria Nazionale delle Marche<\/b>&nbsp;(foto sotto)&nbsp;e il&nbsp;<b>Museo Archeologico Lapidario<\/b>. A due passi, nella stessa piazza Duca Federico da cui si accede al Palazzo, si erge il&nbsp;<b>Duomo di Urbino&nbsp;<\/b>(foto sotto), dedicato a Santa Maria Assunta e ricostruito interamente dopo il terremoto del 1789.<br>Sotto la cattedrale di Urbino si nasconde l'<b>oratorio del Santissimo Crocifisso della Grotta<\/b>, noto anche come Oratorio della Grotta, composto da quattro cappelle erette tra il XVI e il XVII secolo. All'interno della&nbsp;<b>Cappella della Resurrezione<\/b>&nbsp;\u00e8 conservata la Piet\u00e0 in marmo scolpita da Giovanni Bandini nel 1597.&nbsp;<br>La&nbsp;<b>casa natale di Raffaello<\/b>&nbsp;(foto sotto) \u00e8 la sede del museo che ospita dipinti e tavole dell'artista e di suo padre Giovanni Santi.<br>Non distante da&nbsp;<b>Casa Santi<\/b>&nbsp;si trova la&nbsp;<b>Fortezza Albornoz<\/b>, realizzata nella seconda met\u00e0 del XIV secolo con funzione difensiva sul punto pi\u00f9 alto della citt\u00e0.&nbsp;<br>La&nbsp;<b>Chiesa di San Bernardino<\/b>, poco fuori il centro storico di Urbino, fu commissionata da Federico da Montefeltro come luogo per la sua sepoltura e quella di suo figlio Guidobaldo. I sarcofagi barocchi in marmo sono posizionati ancora oggi in prossimit\u00e0 dell'ingresso.&nbsp;<br>\n          <br>\n        <\/p>\n        <div class=\"data-layout-selected u-clearfix u-expanded-width u-gutter-12 u-layout-wrap u-layout-wrap-1\">\n          <div class=\"u-layout\">\n            <div class=\"u-layout-row\">\n              <div class=\"u-container-style u-image u-layout-cell u-size-30 u-image-2\" data-image-width=\"1920\" data-image-height=\"1080\" style=\"background-image: url(&quot;https:\/\/www.ortodellalepre.it\/wp-content\/uploads\/2024\/11\/Urbino_1.jpg&quot;);\">\n                <div class=\"u-container-layout u-container-layout-1\"><\/div>\n              <\/div>\n              <div class=\"u-container-style u-image u-layout-cell u-size-30 u-image-3\" data-image-width=\"1024\" data-image-height=\"576\" style=\"background-image: url(&quot;https:\/\/www.ortodellalepre.it\/wp-content\/uploads\/2024\/11\/Urbino_2.jpg&quot;);\">\n                <div class=\"u-container-layout u-container-layout-2\"><\/div>\n              <\/div>\n            <\/div>\n          <\/div>\n        <\/div>\n        <div class=\"data-layout-selected u-clearfix u-expanded-width u-gutter-12 u-layout-wrap u-layout-wrap-2\">\n          <div class=\"u-layout\">\n            <div class=\"u-layout-row\">\n              <div class=\"u-container-style u-image u-layout-cell u-size-30 u-image-4\" data-image-width=\"720\" data-image-height=\"400\" style=\"background-image: url(&quot;https:\/\/www.ortodellalepre.it\/wp-content\/uploads\/2025\/01\/GALLERIANAZIONALE1_Urbino_720x400.jpg&quot;);\">\n                <div class=\"u-container-layout u-container-layout-3\"><\/div>\n              <\/div>\n              <div class=\"u-container-style u-image u-layout-cell u-size-30 u-image-5\" data-image-width=\"720\" data-image-height=\"400\" style=\"background-image: url(&quot;https:\/\/www.ortodellalepre.it\/wp-content\/uploads\/2025\/01\/LACASADIRAFFAELLO_720x400.jpg&quot;);\">\n                <div class=\"u-container-layout u-container-layout-4\"><\/div>\n              <\/div>\n            <\/div>\n          <\/div>\n        <\/div>\n      <\/div>\n    <\/section>\n    <section class=\"u-align-center u-clearfix u-container-align-center u-custom-color-5 u-section-4\" id=\"sec-0809\">\n      <div class=\"u-clearfix u-sheet u-sheet-1\">\n        <h2 class=\"u-align-center u-custom-font u-font-montserrat u-text u-text-default u-text-1\">IL TEAM ORTO DELLA LEPRE<\/h2>\n        <div class=\"u-expanded-width u-list u-list-1\">\n          <div class=\"u-repeater u-repeater-1\">\n            <div class=\"u-align-center u-container-align-center u-container-style u-list-item u-repeater-item\">\n              <div class=\"u-container-layout u-similar-container u-container-layout-1\">\n                <div alt=\"\" class=\"u-image u-image-circle u-image-1\" src=\"\" data-image-width=\"240\" data-image-height=\"240\" style=\"background-image: url(&quot;https:\/\/www.ortodellalepre.it\/wp-content\/uploads\/2024\/11\/a9c254f8-4f10-42d6-90c7-0a6a6c439c03.webp&quot;);\"><\/div>\n                <h5 class=\"u-custom-font u-font-montserrat u-text u-text-2\">Martina<\/h5>\n                <p class=\"u-custom-font u-font-montserrat u-text u-text-3\">Resp. Accoglienza <\/p>\n                <h6 class=\"u-custom-font u-font-montserrat u-text u-text-4\"> +39 320 7622211<\/h6>\n              <\/div>\n            <\/div>\n            <div class=\"u-align-center u-container-align-center u-container-style u-list-item u-repeater-item\">\n              <div class=\"u-container-layout u-similar-container u-container-layout-2\">\n                <div alt=\"\" class=\"u-image u-image-circle u-image-2\" src=\"\" data-image-width=\"150\" data-image-height=\"150\" style=\"background-image: url(&quot;https:\/\/www.ortodellalepre.it\/wp-content\/uploads\/2024\/10\/2.svg&quot;);\"><\/div>\n                <h5 class=\"u-custom-font u-font-montserrat u-text u-text-5\">Luca<\/h5>\n                <p class=\"u-custom-font u-font-montserrat u-text u-text-6\">Assistenza<\/p>\n                <h6 class=\"u-custom-font u-font-montserrat u-text u-text-7\"> +39 0721 1536597<\/h6>\n              <\/div>\n            <\/div>\n            <div class=\"u-align-center u-container-align-center u-container-style u-list-item u-repeater-item\">\n              <div class=\"u-container-layout u-similar-container u-container-layout-3\">\n                <div alt=\"\" class=\"u-image u-image-circle u-image-3\" src=\"\" data-image-width=\"240\" data-image-height=\"240\" style=\"background-image: url(&quot;https:\/\/www.ortodellalepre.it\/wp-content\/uploads\/2025\/01\/daidue_ok.jpg&quot;);\"><\/div>\n                <h5 class=\"u-custom-font u-font-montserrat u-text u-text-8\">Caterina<\/h5>\n                <p class=\"u-custom-font u-font-montserrat u-text u-text-9\">Assistenza<\/p>\n                <h6 class=\"u-custom-font u-font-montserrat u-text u-text-10\"> +39 347 9849053<\/h6>\n              <\/div>\n            <\/div>\n            <div class=\"u-align-center u-container-align-center u-container-style u-list-item u-repeater-item\">\n              <div class=\"u-container-layout u-similar-container u-container-layout-4\">\n                <div alt=\"\" class=\"u-image u-image-circle u-image-4\" src=\"\" data-image-width=\"150\" data-image-height=\"150\" style=\"background-image: url(&quot;https:\/\/www.ortodellalepre.it\/wp-content\/uploads\/2024\/10\/2.svg&quot;);\"><\/div>\n                <h5 class=\"u-custom-font u-font-montserrat u-text u-text-11\">Michele<\/h5>\n                <p class=\"u-custom-font u-font-montserrat u-text u-text-12\">Manutenzione<\/p>\n                <h6 class=\"u-custom-font u-font-montserrat u-text u-text-13\"> +39 0721 1536597<\/h6>\n              <\/div>\n            <\/div>\n          <\/div>\n        <\/div>\n      <\/div>\n    <\/section>\n    \n    \n    \n    \n  \n<\/div>","protected":false},"excerpt":{"rendered":"<p>Il Territorio &#8211; Urbino Tra la valle del Metauro e la valle del Foglia, nelle colline marchigiane che si affacciano verso il Mar Adriatico, sorge la citt\u00e0 di&nbsp;Urbino, uno dei centri pi\u00f9 importanti del Rinascimento italiano, di cui conserva ancora oggi il fascino artistico e l&#8217;eredit\u00e0 architettonica. Adornata da&nbsp;edifici in pietra arenaria&nbsp;e circondata da una [&hellip;]<\/p>\n","protected":false},"author":1,"featured_media":0,"parent":0,"menu_order":0,"comment_status":"closed","ping_status":"closed","template":"","meta":{"footnotes":""},"class_list":["post-250","page","type-page","status-publish","hentry"],"_links":{"self":[{"href":"https:\/\/www.ortodellalepre.it\/index.php?rest_route=\/wp\/v2\/pages\/250","targetHints":{"allow":["GET"]}}],"collection":[{"href":"https:\/\/www.ortodellalepre.it\/index.php?rest_route=\/wp\/v2\/pages"}],"about":[{"href":"https:\/\/www.ortodellalepre.it\/index.php?rest_route=\/wp\/v2\/types\/page"}],"author":[{"embeddable":true,"href":"https:\/\/www.ortodellalepre.it\/index.php?rest_route=\/wp\/v2\/users\/1"}],"replies":[{"embeddable":true,"href":"https:\/\/www.ortodellalepre.it\/index.php?rest_route=%2Fwp%2Fv2%2Fcomments&post=250"}],"version-history":[{"count":12,"href":"https:\/\/www.ortodellalepre.it\/index.php?rest_route=\/wp\/v2\/pages\/250\/revisions"}],"predecessor-version":[{"id":416,"href":"https:\/\/www.ortodellalepre.it\/index.php?rest_route=\/wp\/v2\/pages\/250\/revisions\/416"}],"wp:attachment":[{"href":"https:\/\/www.ortodellalepre.it\/index.php?rest_route=%2Fwp%2Fv2%2Fmedia&parent=250"}],"curies":[{"name":"wp","href":"https:\/\/api.w.org\/{rel}","templated":true}]}}