{"id":276,"date":"2024-11-11T10:48:07","date_gmt":"2024-11-11T09:48:07","guid":{"rendered":"https:\/\/www.ortodellalepre.it\/?page_id=276"},"modified":"2025-01-23T10:01:42","modified_gmt":"2025-01-23T09:01:42","slug":"fano","status":"publish","type":"page","link":"https:\/\/www.ortodellalepre.it\/?page_id=276","title":{"rendered":"Fano"},"content":{"rendered":"<div class=\"\" style=\"\" >\n  \n    \n    <section class=\"u-clearfix u-image u-section-2\" id=\"sec-ce14\" data-image-width=\"1280\" data-image-height=\"853\" style=\"background-image: url(&quot;https:\/\/www.ortodellalepre.it\/wp-content\/uploads\/2024\/11\/1-Arco_dAugusto_-_Fano_PU.jpg&quot;);\">\n      <div class=\"u-clearfix u-sheet u-sheet-1\">\n        <img decoding=\"async\" class=\"u-align-center u-image u-image-contain u-image-default u-preserve-proportions u-image-1\" src=\"https:\/\/www.ortodellalepre.it\/wp-content\/uploads\/2025\/01\/ORTO_LOGO_300px_neg.png\" alt=\"\" data-image-width=\"300\" data-image-height=\"197\">\n      <\/div>\n    <\/section>\n    <section class=\"u-clearfix u-section-3\" id=\"sec-807d\">\n      <div class=\"u-clearfix u-sheet u-sheet-1\">\n        <img decoding=\"async\" class=\"u-align-center u-image u-image-contain u-image-default u-image-1\" src=\"https:\/\/www.ortodellalepre.it\/wp-content\/uploads\/2025\/01\/ORTO_LOGO_300px.png\" alt=\"\" data-image-width=\"300\" data-image-height=\"197\">\n        <h2 class=\"u-align-center u-custom-font u-font-montserrat u-text u-text-custom-color-4 u-text-1\">Il Territorio<span style=\"font-weight: 300;\"> - Fano<\/span>\n        <\/h2>\n        <p class=\"u-align-left u-text u-text-black u-text-2\"> L'antica Fanum Fortunae, situata alla fine della Via Flaminia, \u00e8 ancora viva nelle mura della citt\u00e0 e, soprattutto, nella porta d'ingresso: l'<span style=\"font-weight: 700;\">Arco di Augusto&nbsp;<\/span>(foto sotto). La Fano di oggi \u00e8 una citt\u00e0 di mare e il mare \u00e8 l'elemento che pi\u00f9 di ogni altro ha lasciato tracce negli usi e costumi locali. In particolare, i sapori della citt\u00e0 sono strettamente legati al mare: tra i piatti tipici della tavola fanese c'\u00e8 il \"<b>Brodetto alla fanese<\/b>\" (zuppa di pesce), la&nbsp;<b>rustita<\/b>&nbsp;e non va dimenticata la bevanda tipicamente fanese a base di caff\u00e8, rum, anice e brandy chiamata \"<b>Moretta<\/b>\", che veniva bevuta da marinai e pescatori nel porto per riscaldarsi prima di salpare con le loro barche.&nbsp;<br>Fano per\u00f2, \u00e8 famosa anche per il suo Carnevale, il pi\u00f9 antico e dolce d'Italia: carri allegorici che attraversano il centro e raggiungono altezze di oltre 15 metri, maschere, costumi e sfilate trasformano ogni anno la citt\u00e0 in una festa diffusa che coinvolge abitanti e visitatori con il tipico lancio dei dolciumi. Tra le manifestazioni ed eventi da non perdere troviamo anche:&nbsp;<b>Passaggi Festival<\/b>, il festival della saggistica e del libro, il&nbsp;<b>Brodetto Fest,<\/b>&nbsp;festival di risonanza internazionale che celebra il piatto della tradizione fanese, il&nbsp;<b>Fano Jazz by the Sea<\/b>, una intera settimana dedicata a concerti Jazz con ospiti ed artisti da tutto il mondo e la<b>&nbsp;Fano dei Cesari,<\/b>&nbsp;una rievocazione storica romana che nel mese di Luglio coinvolge l\u2019intero centro storico ed i suoi abitanti attraverso la lunga sfilata per le via della citt\u00e0 e la famosa corsa delle bighe.<br>Famosa la storia che ha coinvolto la citt\u00e0 con il ritrovamento della <span style=\"font-weight: 700;\">Statua del Lisippo<\/span>, attualmente al Getty Museum negli Stati Uniti, ma che la citt\u00e0 sta cercando di riottenere. Della statua esiste una copia che \u00e8 stata installata al Lido (foto sotto).\n        <\/p>\n        <div class=\"data-layout-selected u-clearfix u-expanded-width u-gutter-12 u-layout-wrap u-layout-wrap-1\">\n          <div class=\"u-layout\">\n            <div class=\"u-layout-row\">\n              <div class=\"u-container-style u-image u-layout-cell u-size-30 u-image-2\" data-image-width=\"720\" data-image-height=\"400\" style=\"background-image: url(&quot;https:\/\/www.ortodellalepre.it\/wp-content\/uploads\/2025\/01\/piazzafano_720x400.jpg&quot;);\">\n                <div class=\"u-container-layout u-container-layout-1\"><\/div>\n              <\/div>\n              <div class=\"u-container-style u-image u-layout-cell u-size-30 u-image-3\" data-image-width=\"800\" data-image-height=\"600\" style=\"background-image: url(&quot;https:\/\/www.ortodellalepre.it\/wp-content\/uploads\/2024\/11\/1572011267.jpg&quot;);\">\n                <div class=\"u-container-layout u-container-layout-2\"><\/div>\n              <\/div>\n            <\/div>\n          <\/div>\n        <\/div>\n        <div class=\"data-layout-selected u-clearfix u-expanded-width u-gutter-12 u-layout-wrap u-layout-wrap-2\">\n          <div class=\"u-layout\">\n            <div class=\"u-layout-row\">\n              <div class=\"u-container-style u-image u-layout-cell u-size-30 u-image-4\" data-image-width=\"720\" data-image-height=\"400\" style=\"background-image: url(&quot;https:\/\/www.ortodellalepre.it\/wp-content\/uploads\/2025\/01\/Carneval720x400.jpg&quot;);\">\n                <div class=\"u-container-layout u-container-layout-3\"><\/div>\n              <\/div>\n              <div class=\"u-container-style u-image u-layout-cell u-size-30 u-image-5\" data-image-width=\"720\" data-image-height=\"400\" style=\"background-image: url(&quot;https:\/\/www.ortodellalepre.it\/wp-content\/uploads\/2025\/01\/fanocesari720x400.jpg&quot;);\">\n                <div class=\"u-container-layout u-container-layout-4\"><\/div>\n              <\/div>\n            <\/div>\n          <\/div>\n        <\/div>\n      <\/div>\n    <\/section>\n    <section class=\"u-align-center u-clearfix u-container-align-center u-custom-color-5 u-section-4\" id=\"sec-0809\">\n      <div class=\"u-clearfix u-sheet u-valign-middle u-sheet-1\">\n        <h2 class=\"u-align-center u-custom-font u-font-montserrat u-text u-text-default u-text-1\">IL TEAM ORTO DELLA LEPRE<\/h2>\n        <div class=\"u-expanded-width u-list u-list-1\">\n          <div class=\"u-repeater u-repeater-1\">\n            <div class=\"u-align-center u-container-align-center u-container-style u-list-item u-repeater-item\">\n              <div class=\"u-container-layout u-similar-container u-container-layout-1\">\n                <div alt=\"\" class=\"u-align-center u-image u-image-circle u-image-1\" src=\"\" data-image-width=\"240\" data-image-height=\"240\" style=\"background-image: url(&quot;https:\/\/www.ortodellalepre.it\/wp-content\/uploads\/2025\/01\/Martina_sito.jpg&quot;);\"><\/div>\n                <h5 class=\"u-custom-font u-font-montserrat u-text u-text-2\">Martina<\/h5>\n                <p class=\"u-custom-font u-font-montserrat u-text u-text-3\">Resp. Accoglienza <\/p>\n                <h6 class=\"u-custom-font u-font-montserrat u-text u-text-4\"> +39 320 7622211<\/h6>\n              <\/div>\n            <\/div>\n            <div class=\"u-align-center u-container-align-center u-container-style u-list-item u-repeater-item\">\n              <div class=\"u-container-layout u-similar-container u-container-layout-2\">\n                <div alt=\"\" class=\"u-align-center u-image u-image-circle u-image-2\" src=\"\" data-image-width=\"150\" data-image-height=\"150\" style=\"background-image: url(&quot;https:\/\/www.ortodellalepre.it\/wp-content\/uploads\/2024\/10\/2.svg&quot;);\"><\/div>\n                <h5 class=\"u-custom-font u-font-montserrat u-text u-text-5\">Luca<\/h5>\n                <p class=\"u-custom-font u-font-montserrat u-text u-text-6\">Assistenza<\/p>\n                <h6 class=\"u-custom-font u-font-montserrat u-text u-text-7\"> +39 0721 1536597<\/h6>\n              <\/div>\n            <\/div>\n            <div class=\"u-align-center u-container-align-center u-container-style u-list-item u-repeater-item\">\n              <div class=\"u-container-layout u-similar-container u-container-layout-3\">\n                <div alt=\"\" class=\"u-align-center u-image u-image-circle u-image-3\" src=\"\" data-image-width=\"240\" data-image-height=\"240\" style=\"background-image: url(&quot;https:\/\/www.ortodellalepre.it\/wp-content\/uploads\/2025\/01\/daidue_ok.jpg&quot;);\"><\/div>\n                <h5 class=\"u-custom-font u-font-montserrat u-text u-text-8\">Caterina<\/h5>\n                <p class=\"u-custom-font u-font-montserrat u-text u-text-9\"> Assistenza<\/p>\n                <h6 class=\"u-custom-font u-font-montserrat u-text u-text-10\"> +39 347 9849053<\/h6>\n              <\/div>\n            <\/div>\n            <div class=\"u-align-center u-container-align-center u-container-style u-list-item u-repeater-item\">\n              <div class=\"u-container-layout u-similar-container u-container-layout-4\">\n                <div alt=\"\" class=\"u-align-center u-image u-image-circle u-image-4\" src=\"\" data-image-width=\"150\" data-image-height=\"150\" style=\"background-image: url(&quot;https:\/\/www.ortodellalepre.it\/wp-content\/uploads\/2024\/10\/2.svg&quot;);\"><\/div>\n                <h5 class=\"u-custom-font u-font-montserrat u-text u-text-11\">Michele<\/h5>\n                <p class=\"u-custom-font u-font-montserrat u-text u-text-12\">Manutenzione<\/p>\n                <h6 class=\"u-custom-font u-font-montserrat u-text u-text-13\"> +39 0721 1536597<\/h6>\n              <\/div>\n            <\/div>\n          <\/div>\n        <\/div>\n      <\/div>\n    <\/section>\n    \n    \n    \n    \n  \n<\/div>","protected":false},"excerpt":{"rendered":"<p>Il Territorio &#8211; Fano L&#8217;antica Fanum Fortunae, situata alla fine della Via Flaminia, \u00e8 ancora viva nelle mura della citt\u00e0 e, soprattutto, nella porta d&#8217;ingresso: l&#8217;Arco di Augusto&nbsp;(foto sotto). La Fano di oggi \u00e8 una citt\u00e0 di mare e il mare \u00e8 l&#8217;elemento che pi\u00f9 di ogni altro ha lasciato tracce negli usi e costumi [&hellip;]<\/p>\n","protected":false},"author":1,"featured_media":0,"parent":0,"menu_order":0,"comment_status":"closed","ping_status":"closed","template":"","meta":{"footnotes":""},"class_list":["post-276","page","type-page","status-publish","hentry"],"_links":{"self":[{"href":"https:\/\/www.ortodellalepre.it\/index.php?rest_route=\/wp\/v2\/pages\/276","targetHints":{"allow":["GET"]}}],"collection":[{"href":"https:\/\/www.ortodellalepre.it\/index.php?rest_route=\/wp\/v2\/pages"}],"about":[{"href":"https:\/\/www.ortodellalepre.it\/index.php?rest_route=\/wp\/v2\/types\/page"}],"author":[{"embeddable":true,"href":"https:\/\/www.ortodellalepre.it\/index.php?rest_route=\/wp\/v2\/users\/1"}],"replies":[{"embeddable":true,"href":"https:\/\/www.ortodellalepre.it\/index.php?rest_route=%2Fwp%2Fv2%2Fcomments&post=276"}],"version-history":[{"count":9,"href":"https:\/\/www.ortodellalepre.it\/index.php?rest_route=\/wp\/v2\/pages\/276\/revisions"}],"predecessor-version":[{"id":407,"href":"https:\/\/www.ortodellalepre.it\/index.php?rest_route=\/wp\/v2\/pages\/276\/revisions\/407"}],"wp:attachment":[{"href":"https:\/\/www.ortodellalepre.it\/index.php?rest_route=%2Fwp%2Fv2%2Fmedia&parent=276"}],"curies":[{"name":"wp","href":"https:\/\/api.w.org\/{rel}","templated":true}]}}